{"id":2807,"date":"2015-02-24T09:28:22","date_gmt":"2015-02-24T09:28:22","guid":{"rendered":"http:\/\/www.cuisine-virtuelle.com\/wordpress\/?page_id=2807"},"modified":"2016-08-14T09:15:25","modified_gmt":"2016-08-14T09:15:25","slug":"forum","status":"publish","type":"page","link":"https:\/\/www.cuisine-virtuelle.com\/wordpress\/forum\/","title":{"rendered":"Histoire et culture de l&rsquo;alimentation"},"content":{"rendered":"<p style=\"text-align: center;\">Bienvenue sur la biblioth\u00e8que de Victor-Emmanuel<\/p>\n<p style=\"text-align: center;\">Vous cherchez une recette, vous effectuez une recherche\u2026<\/p>\n<p style=\"text-align: center;\">Demandez, tout simplement !<\/p>\n<p style=\"text-align: center;\"><a href=\"mailto:b.pichetto@cuisine-virtuelle.com\">b.pichetto@cuisine-virtuelle.com<\/a><\/p>\n<p><a href=\"http:\/\/www.cuisine-virtuelle.com\/wordpress\/wp-content\/uploads\/2015\/02\/t\u00e9l\u00e9chargement.jpg\"><img loading=\"lazy\" decoding=\"async\" class=\"wp-image-6762 aligncenter\" src=\"http:\/\/www.cuisine-virtuelle.com\/wordpress\/wp-content\/uploads\/2015\/02\/t\u00e9l\u00e9chargement.jpg\" alt=\"t\u00e9l\u00e9chargement\" width=\"111\" height=\"160\" srcset=\"https:\/\/www.cuisine-virtuelle.com\/wordpress\/wp-content\/uploads\/2015\/02\/t\u00e9l\u00e9chargement.jpg 187w, https:\/\/www.cuisine-virtuelle.com\/wordpress\/wp-content\/uploads\/2015\/02\/t\u00e9l\u00e9chargement-62x90.jpg 62w, https:\/\/www.cuisine-virtuelle.com\/wordpress\/wp-content\/uploads\/2015\/02\/t\u00e9l\u00e9chargement-94x135.jpg 94w, https:\/\/www.cuisine-virtuelle.com\/wordpress\/wp-content\/uploads\/2015\/02\/t\u00e9l\u00e9chargement-133x192.jpg 133w\" sizes=\"auto, (max-width: 111px) 100vw, 111px\" \/><\/a><img loading=\"lazy\" decoding=\"async\" class=\"wp-image-6763 aligncenter\" src=\"http:\/\/www.cuisine-virtuelle.com\/wordpress\/wp-content\/uploads\/2015\/02\/t\u00e9l\u00e9chargement-1-1.jpg\" alt=\"t\u00e9l\u00e9chargement (1)\" width=\"106\" height=\"175\" srcset=\"https:\/\/www.cuisine-virtuelle.com\/wordpress\/wp-content\/uploads\/2015\/02\/t\u00e9l\u00e9chargement-1-1.jpg 109w, https:\/\/www.cuisine-virtuelle.com\/wordpress\/wp-content\/uploads\/2015\/02\/t\u00e9l\u00e9chargement-1-1-55x90.jpg 55w, https:\/\/www.cuisine-virtuelle.com\/wordpress\/wp-content\/uploads\/2015\/02\/t\u00e9l\u00e9chargement-1-1-82x135.jpg 82w\" sizes=\"auto, (max-width: 106px) 100vw, 106px\" \/><a href=\"http:\/\/www.cuisine-virtuelle.com\/wordpress\/wp-content\/uploads\/2015\/02\/t\u00e9l\u00e9chargement-3.jpg\"><img loading=\"lazy\" decoding=\"async\" class=\"wp-image-6769 aligncenter\" src=\"http:\/\/www.cuisine-virtuelle.com\/wordpress\/wp-content\/uploads\/2015\/02\/t\u00e9l\u00e9chargement-3.jpg\" alt=\"t\u00e9l\u00e9chargement (3)\" width=\"119\" height=\"154\" srcset=\"https:\/\/www.cuisine-virtuelle.com\/wordpress\/wp-content\/uploads\/2015\/02\/t\u00e9l\u00e9chargement-3.jpg 136w, https:\/\/www.cuisine-virtuelle.com\/wordpress\/wp-content\/uploads\/2015\/02\/t\u00e9l\u00e9chargement-3-70x90.jpg 70w, https:\/\/www.cuisine-virtuelle.com\/wordpress\/wp-content\/uploads\/2015\/02\/t\u00e9l\u00e9chargement-3-104x135.jpg 104w\" sizes=\"auto, (max-width: 119px) 100vw, 119px\" \/><\/a><a href=\"http:\/\/www.cuisine-virtuelle.com\/wordpress\/wp-content\/uploads\/2015\/02\/t\u00e9l\u00e9chargement-2.jpg\"><img loading=\"lazy\" decoding=\"async\" class=\"wp-image-6764 aligncenter\" src=\"http:\/\/www.cuisine-virtuelle.com\/wordpress\/wp-content\/uploads\/2015\/02\/t\u00e9l\u00e9chargement-2.jpg\" alt=\"t\u00e9l\u00e9chargement (2)\" width=\"149\" height=\"149\" srcset=\"https:\/\/www.cuisine-virtuelle.com\/wordpress\/wp-content\/uploads\/2015\/02\/t\u00e9l\u00e9chargement-2.jpg 225w, https:\/\/www.cuisine-virtuelle.com\/wordpress\/wp-content\/uploads\/2015\/02\/t\u00e9l\u00e9chargement-2-100x100.jpg 100w, https:\/\/www.cuisine-virtuelle.com\/wordpress\/wp-content\/uploads\/2015\/02\/t\u00e9l\u00e9chargement-2-150x150.jpg 150w, https:\/\/www.cuisine-virtuelle.com\/wordpress\/wp-content\/uploads\/2015\/02\/t\u00e9l\u00e9chargement-2-90x90.jpg 90w, https:\/\/www.cuisine-virtuelle.com\/wordpress\/wp-content\/uploads\/2015\/02\/t\u00e9l\u00e9chargement-2-135x135.jpg 135w, https:\/\/www.cuisine-virtuelle.com\/wordpress\/wp-content\/uploads\/2015\/02\/t\u00e9l\u00e9chargement-2-192x192.jpg 192w\" sizes=\"auto, (max-width: 149px) 100vw, 149px\" \/><\/a><\/p>\n<p style=\"text-align: center;\">.<\/p>\n<p style=\"text-align: center;\">.<\/p>\n<p style=\"text-align: center;\">ALIMENTATION \/ LANGUES \/ GUIDES & DICTIONNAIRES<\/p>\n<p>Bonjour,<\/p>\n<p>Il me faut peut-\u00eatre vous expliquer cette d\u00e9marche peu habituelle \u00ab\u00a0d\u2019instituer\u00a0\u00bb une biblioth\u00e8que non accessible physiquement, mais n\u00e9anmoins consultable sur demande\u2026Cuisinier, chercheur plus que collectionneur, je \u2018ramasse\u2019 depuis des ann\u00e9es des ouvrages li\u00e9s \u00e0 l\u2019alimentation, dans son sens le plus large, de la fourche \u00e0 la fourchette certes, mais encore plus largement dans l\u2019ensemble de ses aspects trait\u00e9s par les sciences molles et les sciences dures, donc grosso-modo de la philosophie \u00e0 la gastronomie mol\u00e9culaire, de l\u2019\u00e9tude des sols aux rituels religieux\u2026 L\u2019alimentation est un sujet tellement vaste, v\u00e9ritable et presque seul lien entre TOUS les hommes et entre les hommes et le reste de la biosph\u00e8re (tout ce qui vit se nourrit), que cela en fait LE sujet trans-disciplinaire par excellence, malgr\u00e9 la pauvret\u00e9 des recherches qui lui sont consacr\u00e9 (en volume par rapport \u00e0 la chose !). Par sa stricte n\u00e9cessit\u00e9, par sa \u2018trivialit\u00e9\u2019, par cet aspect commun, elle est rest\u00e9e longtemps hors des cercles d\u2019\u00e9tudes universitaires et le fait qu\u2019alimentation et m\u00e9decine aient \u00e9t\u00e9 si longtemps s\u00e9par\u00e9es, malgr\u00e9 Hippocrate, et que la nutrition, encore aujourd\u2019hui et m\u00eame si elle n\u2019est plus balbutiante, n\u2019arrive pas encore \u00e0 parler d\u2019une seule et forte voix, en est une des illustrations. L\u2019histoire elle-m\u00eame ne commencera \u00e0 s\u2019int\u00e9resser \u00e0 l\u2019alimentation que dans la premi\u00e8re moiti\u00e9 du 20e si\u00e8cle et je ne peux ici que vous conseiller de lire le trop m\u00e9connu \u00ab\u00a0Histoire de l\u2019alimentation \u2013 Quels enjeux pour la formation ?\u00a0\u00bb, actes du s\u00e9minaire de Tours, Julia Csergo et al., \u00c9ducagri, 2004, \u00ab\u00a0La plus vieille cuisine du monde\u00a0\u00bb, Jean Bott\u00e9ro, Seuil \u2013 Point\/histoire, 2007 et, bien s\u00fbr, \u00ab\u00a0G\u00e9opolitique du go\u00fbt\u00a0\u00bb, Christian Boudan, PUF, 2004, qui a, entre autres qualit\u00e9s, celle de secouer quelque peu l\u2019omniscience de LA cuisine fran\u00e7aise. Donc ces quelques ouvrages, leur contenu du moins, je souhaitais ne pas me les r\u00e9server, en collectionneur frileux, avare de toutes choses qu\u2019il accumule en d\u2019obscures remises. Ne pouvant ouvrir une biblioth\u00e8que physique, ne pouvant num\u00e9riser l\u2019ensemble et tenant \u00e0 ce que les libraires travaillent, J\u2019ai fait le choix m\u00e9dian, celui d\u2019offrir, aux passionn\u00e9s de la chose alimentaire, disposant d\u00e9j\u00e0 de pistes \u00e9tablies ou de r\u00e9f\u00e9rences bibliographiques, la possibilit\u00e9 de v\u00e9rifier, gratuitement, telle hypoth\u00e8se, telle recette ou de trancher telle contreverse ou d\u00e9bats tels qu\u2019il en na\u00eet, presque quotidiennement, en nos cuisines; le tout dans l\u2019humble mesure de ces modestes moyens.<\/p>\n<p style=\"text-align: center;\">A votre disposition.<\/p>\n<p style=\"text-align: center;\">Bernard Pichetto<\/p>\n<p style=\"text-align: center;\">T\u00e9l\u00e9charger la biblioth\u00e8que:<\/p>\n<p style=\"text-align: center;\"><a href=\"http:\/\/www.cuisine-virtuelle.com\/wordpress\/wp-content\/uploads\/2015\/02\/Biblio_gastro-solo_VE6.xls\">Biblio_gastro-solo_VE6<\/a><\/p>\n<p style=\"text-align: center;\">.<\/p>\n","protected":false},"excerpt":{"rendered":"<p>Bienvenue sur la biblioth\u00e8que de Victor-Emmanuel Vous cherchez une recette, vous effectuez une recherche\u2026 Demandez, tout simplement ! b.pichetto@cuisine-virtuelle.com . [&hellip;]<\/p>\n","protected":false},"author":1,"featured_media":6764,"parent":0,"menu_order":0,"comment_status":"open","ping_status":"open","template":"page-templates\/page-blog.php","meta":{"_bbp_topic_count":0,"_bbp_reply_count":0,"_bbp_total_topic_count":0,"_bbp_total_reply_count":0,"_bbp_voice_count":0,"_bbp_anonymous_reply_count":0,"_bbp_topic_count_hidden":0,"_bbp_reply_count_hidden":0,"_bbp_forum_subforum_count":0,"jetpack_post_was_ever_published":false,"footnotes":""},"class_list":["post-2807","page","type-page","status-publish","has-post-thumbnail","hentry"],"blocksy_meta":[],"jetpack_sharing_enabled":true,"jetpack_shortlink":"https:\/\/wp.me\/P9UvTf-Jh","_links":{"self":[{"href":"https:\/\/www.cuisine-virtuelle.com\/wordpress\/wp-json\/wp\/v2\/pages\/2807","targetHints":{"allow":["GET"]}}],"collection":[{"href":"https:\/\/www.cuisine-virtuelle.com\/wordpress\/wp-json\/wp\/v2\/pages"}],"about":[{"href":"https:\/\/www.cuisine-virtuelle.com\/wordpress\/wp-json\/wp\/v2\/types\/page"}],"author":[{"embeddable":true,"href":"https:\/\/www.cuisine-virtuelle.com\/wordpress\/wp-json\/wp\/v2\/users\/1"}],"replies":[{"embeddable":true,"href":"https:\/\/www.cuisine-virtuelle.com\/wordpress\/wp-json\/wp\/v2\/comments?post=2807"}],"version-history":[{"count":11,"href":"https:\/\/www.cuisine-virtuelle.com\/wordpress\/wp-json\/wp\/v2\/pages\/2807\/revisions"}],"predecessor-version":[{"id":6771,"href":"https:\/\/www.cuisine-virtuelle.com\/wordpress\/wp-json\/wp\/v2\/pages\/2807\/revisions\/6771"}],"wp:featuredmedia":[{"embeddable":true,"href":"https:\/\/www.cuisine-virtuelle.com\/wordpress\/wp-json\/wp\/v2\/media\/6764"}],"wp:attachment":[{"href":"https:\/\/www.cuisine-virtuelle.com\/wordpress\/wp-json\/wp\/v2\/media?parent=2807"}],"curies":[{"name":"wp","href":"https:\/\/api.w.org\/{rel}","templated":true}]}}