{"id":11663,"date":"2026-01-05T09:43:17","date_gmt":"2026-01-05T09:43:17","guid":{"rendered":"https:\/\/www.cuisine-virtuelle.com\/wordpress\/?page_id=11663"},"modified":"2026-01-05T10:07:33","modified_gmt":"2026-01-05T10:07:33","slug":"conseil-audit","status":"publish","type":"page","link":"https:\/\/www.cuisine-virtuelle.com\/wordpress\/conseil-audit\/","title":{"rendered":"Conseil &amp; Audit"},"content":{"rendered":"\n<figure class=\"wp-block-gallery has-nested-images columns-default is-cropped wp-block-gallery-1 is-layout-flex wp-block-gallery-is-layout-flex\">\n<figure class=\"wp-block-image size-large\"><a href=\"https:\/\/www.cuisine-virtuelle.com\/wordpress\/wp-content\/uploads\/2026\/01\/Audit-HACCP-1.png\"><img loading=\"lazy\" decoding=\"async\" width=\"724\" height=\"1024\" data-id=\"11673\" src=\"https:\/\/www.cuisine-virtuelle.com\/wordpress\/wp-content\/uploads\/2026\/01\/Audit-HACCP-1-724x1024.png\" alt=\"\" class=\"wp-image-11673\" srcset=\"https:\/\/www.cuisine-virtuelle.com\/wordpress\/wp-content\/uploads\/2026\/01\/Audit-HACCP-1-724x1024.png 724w, https:\/\/www.cuisine-virtuelle.com\/wordpress\/wp-content\/uploads\/2026\/01\/Audit-HACCP-1-212x300.png 212w, https:\/\/www.cuisine-virtuelle.com\/wordpress\/wp-content\/uploads\/2026\/01\/Audit-HACCP-1-768x1086.png 768w, https:\/\/www.cuisine-virtuelle.com\/wordpress\/wp-content\/uploads\/2026\/01\/Audit-HACCP-1-1086x1536.png 1086w, https:\/\/www.cuisine-virtuelle.com\/wordpress\/wp-content\/uploads\/2026\/01\/Audit-HACCP-1-300x424.png 300w, https:\/\/www.cuisine-virtuelle.com\/wordpress\/wp-content\/uploads\/2026\/01\/Audit-HACCP-1-600x849.png 600w, https:\/\/www.cuisine-virtuelle.com\/wordpress\/wp-content\/uploads\/2026\/01\/Audit-HACCP-1.png 1414w\" sizes=\"auto, (max-width: 724px) 100vw, 724px\" \/><\/a><\/figure>\n\n\n\n<figure class=\"wp-block-image size-large\"><a href=\"https:\/\/www.cuisine-virtuelle.com\/wordpress\/wp-content\/uploads\/2026\/01\/Agrement-sanitaire-1.png\"><img loading=\"lazy\" decoding=\"async\" width=\"724\" height=\"1024\" data-id=\"11674\" src=\"https:\/\/www.cuisine-virtuelle.com\/wordpress\/wp-content\/uploads\/2026\/01\/Agrement-sanitaire-1-724x1024.png\" alt=\"\" class=\"wp-image-11674\" srcset=\"https:\/\/www.cuisine-virtuelle.com\/wordpress\/wp-content\/uploads\/2026\/01\/Agrement-sanitaire-1-724x1024.png 724w, https:\/\/www.cuisine-virtuelle.com\/wordpress\/wp-content\/uploads\/2026\/01\/Agrement-sanitaire-1-212x300.png 212w, https:\/\/www.cuisine-virtuelle.com\/wordpress\/wp-content\/uploads\/2026\/01\/Agrement-sanitaire-1-768x1086.png 768w, https:\/\/www.cuisine-virtuelle.com\/wordpress\/wp-content\/uploads\/2026\/01\/Agrement-sanitaire-1-1086x1536.png 1086w, https:\/\/www.cuisine-virtuelle.com\/wordpress\/wp-content\/uploads\/2026\/01\/Agrement-sanitaire-1-300x424.png 300w, https:\/\/www.cuisine-virtuelle.com\/wordpress\/wp-content\/uploads\/2026\/01\/Agrement-sanitaire-1-600x849.png 600w, https:\/\/www.cuisine-virtuelle.com\/wordpress\/wp-content\/uploads\/2026\/01\/Agrement-sanitaire-1.png 1414w\" sizes=\"auto, (max-width: 724px) 100vw, 724px\" \/><\/a><\/figure>\n\n\n\n<figure class=\"wp-block-image size-large\"><a href=\"https:\/\/www.cuisine-virtuelle.com\/wordpress\/wp-content\/uploads\/2026\/01\/Audit-ergonomie-et-technique-de-production-1.png\"><img loading=\"lazy\" decoding=\"async\" width=\"724\" height=\"1024\" data-id=\"11675\" src=\"https:\/\/www.cuisine-virtuelle.com\/wordpress\/wp-content\/uploads\/2026\/01\/Audit-ergonomie-et-technique-de-production-1-724x1024.png\" alt=\"\" class=\"wp-image-11675\" srcset=\"https:\/\/www.cuisine-virtuelle.com\/wordpress\/wp-content\/uploads\/2026\/01\/Audit-ergonomie-et-technique-de-production-1-724x1024.png 724w, https:\/\/www.cuisine-virtuelle.com\/wordpress\/wp-content\/uploads\/2026\/01\/Audit-ergonomie-et-technique-de-production-1-212x300.png 212w, https:\/\/www.cuisine-virtuelle.com\/wordpress\/wp-content\/uploads\/2026\/01\/Audit-ergonomie-et-technique-de-production-1-768x1086.png 768w, https:\/\/www.cuisine-virtuelle.com\/wordpress\/wp-content\/uploads\/2026\/01\/Audit-ergonomie-et-technique-de-production-1-1086x1536.png 1086w, https:\/\/www.cuisine-virtuelle.com\/wordpress\/wp-content\/uploads\/2026\/01\/Audit-ergonomie-et-technique-de-production-1-300x424.png 300w, https:\/\/www.cuisine-virtuelle.com\/wordpress\/wp-content\/uploads\/2026\/01\/Audit-ergonomie-et-technique-de-production-1-600x849.png 600w, https:\/\/www.cuisine-virtuelle.com\/wordpress\/wp-content\/uploads\/2026\/01\/Audit-ergonomie-et-technique-de-production-1.png 1414w\" sizes=\"auto, (max-width: 724px) 100vw, 724px\" \/><\/a><\/figure>\n<\/figure>\n\n\n\n<figure class=\"wp-block-gallery has-nested-images columns-default is-cropped wp-block-gallery-2 is-layout-flex wp-block-gallery-is-layout-flex\">\n<figure class=\"wp-block-image size-large\"><a href=\"https:\/\/www.cuisine-virtuelle.com\/wordpress\/wp-content\/uploads\/2026\/01\/Conseil-hygiene-alimentaire-2.png\"><img loading=\"lazy\" decoding=\"async\" width=\"724\" height=\"1024\" data-id=\"11686\" src=\"https:\/\/www.cuisine-virtuelle.com\/wordpress\/wp-content\/uploads\/2026\/01\/Conseil-hygiene-alimentaire-2-724x1024.png\" alt=\"\" class=\"wp-image-11686\" srcset=\"https:\/\/www.cuisine-virtuelle.com\/wordpress\/wp-content\/uploads\/2026\/01\/Conseil-hygiene-alimentaire-2-724x1024.png 724w, https:\/\/www.cuisine-virtuelle.com\/wordpress\/wp-content\/uploads\/2026\/01\/Conseil-hygiene-alimentaire-2-212x300.png 212w, https:\/\/www.cuisine-virtuelle.com\/wordpress\/wp-content\/uploads\/2026\/01\/Conseil-hygiene-alimentaire-2-768x1086.png 768w, https:\/\/www.cuisine-virtuelle.com\/wordpress\/wp-content\/uploads\/2026\/01\/Conseil-hygiene-alimentaire-2-1086x1536.png 1086w, https:\/\/www.cuisine-virtuelle.com\/wordpress\/wp-content\/uploads\/2026\/01\/Conseil-hygiene-alimentaire-2-300x424.png 300w, https:\/\/www.cuisine-virtuelle.com\/wordpress\/wp-content\/uploads\/2026\/01\/Conseil-hygiene-alimentaire-2-600x849.png 600w, https:\/\/www.cuisine-virtuelle.com\/wordpress\/wp-content\/uploads\/2026\/01\/Conseil-hygiene-alimentaire-2.png 1414w\" sizes=\"auto, (max-width: 724px) 100vw, 724px\" \/><\/a><\/figure>\n\n\n\n<figure class=\"wp-block-image size-full\"><a href=\"https:\/\/www.cuisine-virtuelle.com\/wordpress\/wp-content\/uploads\/2026\/01\/AUDIT-2.png\"><img loading=\"lazy\" decoding=\"async\" width=\"531\" height=\"531\" data-id=\"11683\" src=\"https:\/\/www.cuisine-virtuelle.com\/wordpress\/wp-content\/uploads\/2026\/01\/AUDIT-2.png\" alt=\"\" class=\"wp-image-11683\" srcset=\"https:\/\/www.cuisine-virtuelle.com\/wordpress\/wp-content\/uploads\/2026\/01\/AUDIT-2.png 531w, https:\/\/www.cuisine-virtuelle.com\/wordpress\/wp-content\/uploads\/2026\/01\/AUDIT-2-300x300.png 300w, https:\/\/www.cuisine-virtuelle.com\/wordpress\/wp-content\/uploads\/2026\/01\/AUDIT-2-150x150.png 150w, https:\/\/www.cuisine-virtuelle.com\/wordpress\/wp-content\/uploads\/2026\/01\/AUDIT-2-100x100.png 100w\" sizes=\"auto, (max-width: 531px) 100vw, 531px\" \/><\/a><\/figure>\n\n\n\n<figure class=\"wp-block-image size-large\"><a href=\"https:\/\/www.cuisine-virtuelle.com\/wordpress\/wp-content\/uploads\/2026\/01\/E-learning.png\"><img loading=\"lazy\" decoding=\"async\" width=\"724\" height=\"1024\" data-id=\"11666\" src=\"https:\/\/www.cuisine-virtuelle.com\/wordpress\/wp-content\/uploads\/2026\/01\/E-learning-724x1024.png\" alt=\"Affiche pour une formation \u00e0 distance d\u00e9di\u00e9e, avec des informations sur la cr\u00e9ation de supports p\u00e9dagogiques et de e-learning. Mentionne les tarifs et indique que ceux-ci sont sur devis.\" class=\"wp-image-11666\" srcset=\"https:\/\/www.cuisine-virtuelle.com\/wordpress\/wp-content\/uploads\/2026\/01\/E-learning-724x1024.png 724w, https:\/\/www.cuisine-virtuelle.com\/wordpress\/wp-content\/uploads\/2026\/01\/E-learning-212x300.png 212w, https:\/\/www.cuisine-virtuelle.com\/wordpress\/wp-content\/uploads\/2026\/01\/E-learning-768x1086.png 768w, https:\/\/www.cuisine-virtuelle.com\/wordpress\/wp-content\/uploads\/2026\/01\/E-learning-1086x1536.png 1086w, https:\/\/www.cuisine-virtuelle.com\/wordpress\/wp-content\/uploads\/2026\/01\/E-learning-300x424.png 300w, https:\/\/www.cuisine-virtuelle.com\/wordpress\/wp-content\/uploads\/2026\/01\/E-learning-600x849.png 600w, https:\/\/www.cuisine-virtuelle.com\/wordpress\/wp-content\/uploads\/2026\/01\/E-learning.png 1414w\" sizes=\"auto, (max-width: 724px) 100vw, 724px\" \/><\/a><\/figure>\n<\/figure>\n\n\n\n<figure class=\"wp-block-gallery has-nested-images columns-default is-cropped wp-block-gallery-3 is-layout-flex wp-block-gallery-is-layout-flex\">\n<figure class=\"wp-block-image size-large\"><a href=\"https:\/\/www.cuisine-virtuelle.com\/wordpress\/wp-content\/uploads\/2026\/01\/Audi-pedagogique-E-learnint.png\"><img loading=\"lazy\" decoding=\"async\" width=\"724\" height=\"1024\" data-id=\"11676\" src=\"https:\/\/www.cuisine-virtuelle.com\/wordpress\/wp-content\/uploads\/2026\/01\/Audi-pedagogique-E-learnint-724x1024.png\" alt=\"\" class=\"wp-image-11676\" srcset=\"https:\/\/www.cuisine-virtuelle.com\/wordpress\/wp-content\/uploads\/2026\/01\/Audi-pedagogique-E-learnint-724x1024.png 724w, https:\/\/www.cuisine-virtuelle.com\/wordpress\/wp-content\/uploads\/2026\/01\/Audi-pedagogique-E-learnint-212x300.png 212w, https:\/\/www.cuisine-virtuelle.com\/wordpress\/wp-content\/uploads\/2026\/01\/Audi-pedagogique-E-learnint-768x1086.png 768w, https:\/\/www.cuisine-virtuelle.com\/wordpress\/wp-content\/uploads\/2026\/01\/Audi-pedagogique-E-learnint-1086x1536.png 1086w, https:\/\/www.cuisine-virtuelle.com\/wordpress\/wp-content\/uploads\/2026\/01\/Audi-pedagogique-E-learnint-300x424.png 300w, https:\/\/www.cuisine-virtuelle.com\/wordpress\/wp-content\/uploads\/2026\/01\/Audi-pedagogique-E-learnint-600x849.png 600w, https:\/\/www.cuisine-virtuelle.com\/wordpress\/wp-content\/uploads\/2026\/01\/Audi-pedagogique-E-learnint.png 1414w\" sizes=\"auto, (max-width: 724px) 100vw, 724px\" \/><\/a><\/figure>\n\n\n\n<figure class=\"wp-block-image size-full\"><a href=\"https:\/\/www.cuisine-virtuelle.com\/wordpress\/wp-content\/uploads\/2026\/01\/GBPH-1.png\"><img loading=\"lazy\" decoding=\"async\" width=\"1414\" height=\"2000\" data-id=\"11682\" src=\"https:\/\/www.cuisine-virtuelle.com\/wordpress\/wp-content\/uploads\/2026\/01\/GBPH-1.png\" alt=\"\" class=\"wp-image-11682\" srcset=\"https:\/\/www.cuisine-virtuelle.com\/wordpress\/wp-content\/uploads\/2026\/01\/GBPH-1.png 1414w, https:\/\/www.cuisine-virtuelle.com\/wordpress\/wp-content\/uploads\/2026\/01\/GBPH-1-212x300.png 212w, https:\/\/www.cuisine-virtuelle.com\/wordpress\/wp-content\/uploads\/2026\/01\/GBPH-1-724x1024.png 724w, https:\/\/www.cuisine-virtuelle.com\/wordpress\/wp-content\/uploads\/2026\/01\/GBPH-1-768x1086.png 768w, https:\/\/www.cuisine-virtuelle.com\/wordpress\/wp-content\/uploads\/2026\/01\/GBPH-1-1086x1536.png 1086w, https:\/\/www.cuisine-virtuelle.com\/wordpress\/wp-content\/uploads\/2026\/01\/GBPH-1-300x424.png 300w, https:\/\/www.cuisine-virtuelle.com\/wordpress\/wp-content\/uploads\/2026\/01\/GBPH-1-600x849.png 600w\" sizes=\"auto, (max-width: 1414px) 100vw, 1414px\" \/><\/a><\/figure>\n\n\n\n<figure class=\"wp-block-image size-large\"><a href=\"https:\/\/www.cuisine-virtuelle.com\/wordpress\/wp-content\/uploads\/2026\/01\/Audit-GBPH.png\"><img loading=\"lazy\" decoding=\"async\" width=\"724\" height=\"1024\" data-id=\"11677\" src=\"https:\/\/www.cuisine-virtuelle.com\/wordpress\/wp-content\/uploads\/2026\/01\/Audit-GBPH-724x1024.png\" alt=\"\" class=\"wp-image-11677\" srcset=\"https:\/\/www.cuisine-virtuelle.com\/wordpress\/wp-content\/uploads\/2026\/01\/Audit-GBPH-724x1024.png 724w, https:\/\/www.cuisine-virtuelle.com\/wordpress\/wp-content\/uploads\/2026\/01\/Audit-GBPH-212x300.png 212w, https:\/\/www.cuisine-virtuelle.com\/wordpress\/wp-content\/uploads\/2026\/01\/Audit-GBPH-768x1086.png 768w, https:\/\/www.cuisine-virtuelle.com\/wordpress\/wp-content\/uploads\/2026\/01\/Audit-GBPH-1086x1536.png 1086w, https:\/\/www.cuisine-virtuelle.com\/wordpress\/wp-content\/uploads\/2026\/01\/Audit-GBPH-300x424.png 300w, https:\/\/www.cuisine-virtuelle.com\/wordpress\/wp-content\/uploads\/2026\/01\/Audit-GBPH-600x849.png 600w, https:\/\/www.cuisine-virtuelle.com\/wordpress\/wp-content\/uploads\/2026\/01\/Audit-GBPH.png 1414w\" sizes=\"auto, (max-width: 724px) 100vw, 724px\" \/><\/a><\/figure>\n<\/figure>\n","protected":false},"excerpt":{"rendered":"","protected":false},"author":1,"featured_media":0,"parent":0,"menu_order":0,"comment_status":"closed","ping_status":"closed","template":"","meta":{"_bbp_topic_count":0,"_bbp_reply_count":0,"_bbp_total_topic_count":0,"_bbp_total_reply_count":0,"_bbp_voice_count":0,"_bbp_anonymous_reply_count":0,"_bbp_topic_count_hidden":0,"_bbp_reply_count_hidden":0,"_bbp_forum_subforum_count":0,"jetpack_post_was_ever_published":false,"footnotes":""},"class_list":["post-11663","page","type-page","status-publish","hentry"],"blocksy_meta":[],"jetpack_sharing_enabled":true,"jetpack_shortlink":"https:\/\/wp.me\/P9UvTf-327","_links":{"self":[{"href":"https:\/\/www.cuisine-virtuelle.com\/wordpress\/wp-json\/wp\/v2\/pages\/11663","targetHints":{"allow":["GET"]}}],"collection":[{"href":"https:\/\/www.cuisine-virtuelle.com\/wordpress\/wp-json\/wp\/v2\/pages"}],"about":[{"href":"https:\/\/www.cuisine-virtuelle.com\/wordpress\/wp-json\/wp\/v2\/types\/page"}],"author":[{"embeddable":true,"href":"https:\/\/www.cuisine-virtuelle.com\/wordpress\/wp-json\/wp\/v2\/users\/1"}],"replies":[{"embeddable":true,"href":"https:\/\/www.cuisine-virtuelle.com\/wordpress\/wp-json\/wp\/v2\/comments?post=11663"}],"version-history":[{"count":2,"href":"https:\/\/www.cuisine-virtuelle.com\/wordpress\/wp-json\/wp\/v2\/pages\/11663\/revisions"}],"predecessor-version":[{"id":11687,"href":"https:\/\/www.cuisine-virtuelle.com\/wordpress\/wp-json\/wp\/v2\/pages\/11663\/revisions\/11687"}],"wp:attachment":[{"href":"https:\/\/www.cuisine-virtuelle.com\/wordpress\/wp-json\/wp\/v2\/media?parent=11663"}],"curies":[{"name":"wp","href":"https:\/\/api.w.org\/{rel}","templated":true}]}}